{"id":415,"date":"2026-02-25T18:13:18","date_gmt":"2026-02-25T17:13:18","guid":{"rendered":"https:\/\/pensarnutricao.pt\/catalogo-digital-alimentos\/?page_id=415"},"modified":"2026-03-13T12:21:26","modified_gmt":"2026-03-13T11:21:26","slug":"dashboard-interativo","status":"publish","type":"page","link":"https:\/\/pensarnutricao.pt\/catalogo-digital-alimentos\/dashboard-interativo\/","title":{"rendered":"Cat\u00e1logo Digital de Alimentos em n\u00fameros"},"content":{"rendered":"\n<div style=\"height:50px\" aria-hidden=\"true\" class=\"wp-block-spacer\"><\/div>\n\n\n\n<style>\n  .bi-fullscreen-wrapper {\n    width: 100%;\n    height: 80vh;\n  }\n\n  .bi-fullscreen-wrapper iframe {\n    width: 100%;\n    height: 90%;\n    border: none;\n    display: block;\n  }\n<\/style>\n\n<div class=\"bi-fullscreen-wrapper\">\n  <iframe\n    title=\"BI Cat\u00e1logo Digital\"\n    src=\"https:\/\/app.fabric.microsoft.com\/view?r=eyJrIjoiMzgwZDFlODktNGRlMi00NmU4LWE4NGQtOGY3MjExN2FkOTcyIiwidCI6IjIyYzg0NjA4LWYwMWQtNDZjNS04MDI0LTYzY2M5NjJlNWY1MSIsImMiOjh9\"\n    frameborder=\"0\"\n    allowfullscreen=\"true\">\n  <\/iframe>\n<\/div>\n\n\n\n<p class=\"has-small-font-size\">Nota: A an\u00e1lise comparativa entre 2022 e 2024&nbsp;deve ser interpretada considerando as diferen\u00e7as no n\u00famero de produtos inclu\u00eddos em cada momento de recolha, uma vez que o n\u00famero de produtos alimentares inclu\u00eddos em cada amostra n\u00e3o \u00e9 equivalente, verificando-se um aumento substancial no n\u00famero de produtos analisados em 2024. Consequentemente, as diferen\u00e7as observadas no perfil nutricional ao longo do tempo poder\u00e3o refletir n\u00e3o apenas altera\u00e7\u00f5es na composi\u00e7\u00e3o ou disponibilidade dos produtos no mercado, mas tamb\u00e9m varia\u00e7\u00f5es no tamanho e na composi\u00e7\u00e3o das amostras consideradas em cada momento de recolha.<\/p>\n","protected":false},"excerpt":{"rendered":"<p>Nota: A an\u00e1lise comparativa entre 2022 e 2024&nbsp;deve ser interpretada considerando as diferen\u00e7as no n\u00famero de produtos inclu\u00eddos em cada momento de recolha, uma vez que o n\u00famero de produtos alimentares inclu\u00eddos em cada amostra n\u00e3o \u00e9 equivalente, verificando-se um aumento substancial no n\u00famero de produtos analisados em 2024. Consequentemente, as diferen\u00e7as observadas no perfil&hellip;&nbsp;<a href=\"https:\/\/pensarnutricao.pt\/catalogo-digital-alimentos\/dashboard-interativo\/\" rel=\"bookmark\">Read More &raquo;<span class=\"screen-reader-text\">Cat\u00e1logo Digital de Alimentos em n\u00fameros<\/span><\/a><\/p>\n","protected":false},"author":1,"featured_media":0,"parent":0,"menu_order":0,"comment_status":"closed","ping_status":"closed","template":"","meta":{"inline_featured_image":false,"neve_meta_sidebar":"","neve_meta_container":"","neve_meta_enable_content_width":"","neve_meta_content_width":0,"neve_meta_title_alignment":"","neve_meta_author_avatar":"","neve_post_elements_order":"","neve_meta_disable_header":"","neve_meta_disable_footer":"","neve_meta_disable_title":"","neve_meta_reading_time":"","footnotes":""},"class_list":["post-415","page","type-page","status-publish","hentry"],"_links":{"self":[{"href":"https:\/\/pensarnutricao.pt\/catalogo-digital-alimentos\/wp-json\/wp\/v2\/pages\/415","targetHints":{"allow":["GET"]}}],"collection":[{"href":"https:\/\/pensarnutricao.pt\/catalogo-digital-alimentos\/wp-json\/wp\/v2\/pages"}],"about":[{"href":"https:\/\/pensarnutricao.pt\/catalogo-digital-alimentos\/wp-json\/wp\/v2\/types\/page"}],"author":[{"embeddable":true,"href":"https:\/\/pensarnutricao.pt\/catalogo-digital-alimentos\/wp-json\/wp\/v2\/users\/1"}],"replies":[{"embeddable":true,"href":"https:\/\/pensarnutricao.pt\/catalogo-digital-alimentos\/wp-json\/wp\/v2\/comments?post=415"}],"version-history":[{"count":25,"href":"https:\/\/pensarnutricao.pt\/catalogo-digital-alimentos\/wp-json\/wp\/v2\/pages\/415\/revisions"}],"predecessor-version":[{"id":536,"href":"https:\/\/pensarnutricao.pt\/catalogo-digital-alimentos\/wp-json\/wp\/v2\/pages\/415\/revisions\/536"}],"wp:attachment":[{"href":"https:\/\/pensarnutricao.pt\/catalogo-digital-alimentos\/wp-json\/wp\/v2\/media?parent=415"}],"curies":[{"name":"wp","href":"https:\/\/api.w.org\/{rel}","templated":true}]}}